{"id":5744,"date":"2024-11-21T13:45:41","date_gmt":"2024-11-21T12:45:41","guid":{"rendered":"https:\/\/oxymedic.sk\/?post_type=product&#038;p=5744"},"modified":"2025-01-17T10:03:44","modified_gmt":"2025-01-17T09:03:44","slug":"darcekova-poukazka","status":"publish","type":"product","link":"https:\/\/oxymedic.sk\/hu\/produkt\/darcekova-poukazka\/","title":{"rendered":"Dar\u010dekov\u00e1 pouk\u00e1\u017eka"},"content":{"rendered":"","protected":false},"excerpt":{"rendered":"","protected":false},"featured_media":5873,"template":"","meta":{"inline_featured_image":false},"product_cat":[19],"product_tag":[],"class_list":{"0":"post-5744","1":"product","2":"type-product","3":"status-publish","4":"has-post-thumbnail","6":"product_cat-nezaradene","8":"first","9":"instock","10":"shipping-taxable","11":"purchasable","12":"product-type-variable"},"_links":{"self":[{"href":"https:\/\/oxymedic.sk\/hu\/wp-json\/wp\/v2\/product\/5744","targetHints":{"allow":["GET"]}}],"collection":[{"href":"https:\/\/oxymedic.sk\/hu\/wp-json\/wp\/v2\/product"}],"about":[{"href":"https:\/\/oxymedic.sk\/hu\/wp-json\/wp\/v2\/types\/product"}],"wp:featuredmedia":[{"embeddable":true,"href":"https:\/\/oxymedic.sk\/hu\/wp-json\/wp\/v2\/media\/5873"}],"wp:attachment":[{"href":"https:\/\/oxymedic.sk\/hu\/wp-json\/wp\/v2\/media?parent=5744"}],"wp:term":[{"taxonomy":"product_cat","embeddable":true,"href":"https:\/\/oxymedic.sk\/hu\/wp-json\/wp\/v2\/product_cat?post=5744"},{"taxonomy":"product_tag","embeddable":true,"href":"https:\/\/oxymedic.sk\/hu\/wp-json\/wp\/v2\/product_tag?post=5744"}],"curies":[{"name":"wp","href":"https:\/\/api.w.org\/{rel}","templated":true}]}}